{"id":56,"date":"2020-04-13T13:22:59","date_gmt":"2020-04-13T10:22:59","guid":{"rendered":"http:\/\/regina.loc:8888\/?page_id=56"},"modified":"2024-11-04T16:18:56","modified_gmt":"2024-11-04T13:18:56","slug":"directioneaza-2","status":"publish","type":"page","link":"https:\/\/reginapacis.org\/?page_id=56","title":{"rendered":"Direc\u0163ioneaz\u0103 2%"},"content":{"rendered":"<h4><strong>Putem \u00eempreun\u0103 schimba soarta b\u0103tr\u00e2nilor nevoia\u0219i!\u00a0<\/strong><\/h4>\n<p>Funda\u021bia Regina Pacis \u00ee\u0219i dedic\u0103 eforturile pentru a le \u00eembun\u0103t\u0103\u021bi via\u021ba persoanelor \u00een etate aflate \u00een condi\u021bii dificile de via\u021b\u0103. Unul dintre proiectele noastre cheie este distribuirea pr\u00e2nzurilor calde pentru seniorii care nu dispun de resursele necesare pentru a-\u0219i asigura hrana zilnic\u0103.\u00a0\u00a0Oferim peste 200 de pr\u00e2nzuri calde \u00een fiecare zi persoanelor \u00een v\u00e2rst\u0103 care au nevoie de sprijin, promov\u00e2nd \u00een acela\u0219i timp solidaritatea comunit\u0103\u021bii.<\/p>\n<h4>Cum po\u021bi ajuta<\/h4>\n<p>Te invit\u0103m s\u0103 te al\u0103turi cauzei noastre, redirec\u021bion\u00e2nd 2% din impozitul pe venit pe care l-ai pl\u0103tit deja statului. Aceast\u0103 contribu\u021bie nu \u00ee\u021bi afecteaz\u0103 \u00een niciun fel veniturile personale.<\/p>\n<p><strong>Ce reprezint\u0103 direc\u021bionarea a 2%?\u00a0<\/strong><\/p>\n<p>Conform\u00a0 prevederilor legale, orice contribuabil, persoan\u0103 fizic\u0103, poate redirec\u021biona 2% din impozitul pe venit, pl\u0103tit statului, c\u0103tre o organiza\u021bie neguvernamental\u0103\/funda\u021bie. Aceast\u0103 sum\u0103 nu reprezint\u0103 o sponsorizare sau dona\u021bie, suma este doar o parte din impozitul pe venit aferent anului fiscal, care poate fi redirec\u021bionat\u0103 c\u0103tre Funda\u021bia Regina Pacis.<\/p>\n<p>Fiecare angajat are trecut \u00een contractul s\u0103u de munc\u0103 un salariu brut, dar prime\u0219te \u00een cont o sum\u0103 mai mic\u0103 ce reprezint\u0103 salariul net. Diferen\u021ba de bani a fost \u00eencasat\u0103 de stat \u0219i reprezint\u0103 taxe \u0219i impozite, printre care \u0219i impozitul pe venit. Astfel, complet\u00e2nd formularul, tu \u00eei transmi\u021bi administra\u021biei fiscale modul \u00een care vrei s\u0103 fie cheltui\u021bi 2% din impozitul pe venit pe care \u00eel pl\u0103te\u0219ti statului.<\/p>\n<p><strong>Cine poate redirec\u021biona 2%?<\/strong><\/p>\n<p>Orice persoan\u0103 cu domiciliul \u00een Republica Moldova, care \u00een anul fiscal anterior a realizat venituri din salarii sau din alte surse (comerciale, profesii libere, drepturi de proprietate intelectual\u0103 etc.) \u0219i nu are obliga\u021bii restante de plat\u0103 la impozitul pe venit.<\/p>\n<h3>Procedura de redirec\u021bionare a 2%<\/h3>\n<p>Redirec\u021bionarea este simpl\u0103 \u0219i accesibil\u0103 oric\u0103rui contribuabil:<\/p>\n<ol>\n<li><strong>Completeaz\u0103 Declara\u021bia cu privire la impozitul pe venit pentru anul aferent<\/strong>\u00a0\u00een format electronic (Formular CET-18).<\/li>\n<li><strong>Introdu \u00een sec\u021biunea facultativ\u0103<\/strong>, caseta M1, Codul fiscal al Funda\u021biei Regina Pacis: <strong>1015620000999<\/strong>.<\/li>\n<li><strong>Aplic\u0103 semn\u0103tura electronic\u0103 sau mobil\u0103<\/strong> emis\u0103 de prestatorii de servicii \u0219i depune declara\u021bia exclusiv online.<\/li>\n<\/ol>\n<p>Pentru cei care nu au semn\u0103tura electronic\u0103 sau mobil\u0103, recomand\u0103m s\u0103 demareze procesul de ob\u021binere de la furnizorii de servicii.<\/p>\n<h3>Impactul contribu\u021biei tale<\/h3>\n<p>Direc\u021bionarea a 2% din impozitul pe venit pentru pr\u00e2nzurile calde oferite de Funda\u021bia Regina Pacis reprezint\u0103 o oportunitate de a sprijini o cauz\u0103 nobil\u0103 \u0219i de a face o diferen\u021b\u0103 semnificativ\u0103 \u00een vie\u021bile celor neajutora\u021bi. Fiecare contribu\u021bie, indiferent de m\u0103rimea ei, adaug\u0103 o pic\u0103tur\u0103 de speran\u021b\u0103 \u0219i bucurie \u00een via\u021ba acelor b\u0103tr\u00e2ni care au nevoie de ajutorul nostru.<\/p>\n<p><strong>Al\u0103tur\u0103-te nou\u0103 \u0219i ajut\u0103-ne s\u0103 aducem un z\u00e2mbet pe fe\u021bele celor care merit\u0103 tot sprijinul nostru!<\/strong><\/p>\n<div>\n<p>\u00cen cazul \u00een care ave\u021bi \u00eentreb\u0103ri sau neclarit\u0103\u021bi cu privire la desemnarea celor 2% din impozitul pe venit c\u0103tre Funda\u021bia Regina Pacis ne pute\u021bi contacta la num\u0103rul de telefon 022 235 511 sau la adresa de email:\u00a0<a href=\"mailto:chisinau@reginapacis.org\">chisinau@reginapacis.org<\/a>.<\/p>\n<\/div>\n<p><strong>V\u0103 mul\u021bumim pentru c\u0103 ne sus\u021bine\u021bi! \u00cempreun\u0103 facem lumea mai bun\u0103!<\/strong><\/p>\n<!-- AddThis Advanced Settings generic via filter on the_content --><!-- AddThis Share Buttons generic via filter on the_content -->","protected":false},"excerpt":{"rendered":"<p>Putem \u00eempreun\u0103 schimba soarta b\u0103tr\u00e2nilor nevoia\u0219i!\u00a0 Funda\u021bia Regina Pacis \u00ee\u0219i dedic\u0103 eforturile pentru a le \u00eembun\u0103t\u0103\u021bi via\u021ba persoanelor \u00een etate aflate \u00een condi\u021bii dificile de via\u021b\u0103. Unul dintre proiectele noastre cheie este distribuirea pr\u00e2nzurilor calde pentru seniorii care nu dispun de resursele necesare pentru a-\u0219i asigura hrana zilnic\u0103.\u00a0\u00a0Oferim peste 200 de pr\u00e2nzuri calde \u00een fiecare [&hellip;]<!-- AddThis Advanced Settings generic via filter on get_the_excerpt --><!-- AddThis Share Buttons generic via filter on get_the_excerpt --><\/p>\n","protected":false},"author":1,"featured_media":0,"parent":52,"menu_order":0,"comment_status":"closed","ping_status":"closed","template":"pages\/direct2-post.php","meta":{"footnotes":""},"class_list":["post-56","page","type-page","status-publish","hentry"],"_links":{"self":[{"href":"https:\/\/reginapacis.org\/index.php?rest_route=\/wp\/v2\/pages\/56","targetHints":{"allow":["GET"]}}],"collection":[{"href":"https:\/\/reginapacis.org\/index.php?rest_route=\/wp\/v2\/pages"}],"about":[{"href":"https:\/\/reginapacis.org\/index.php?rest_route=\/wp\/v2\/types\/page"}],"author":[{"embeddable":true,"href":"https:\/\/reginapacis.org\/index.php?rest_route=\/wp\/v2\/users\/1"}],"replies":[{"embeddable":true,"href":"https:\/\/reginapacis.org\/index.php?rest_route=%2Fwp%2Fv2%2Fcomments&post=56"}],"version-history":[{"count":13,"href":"https:\/\/reginapacis.org\/index.php?rest_route=\/wp\/v2\/pages\/56\/revisions"}],"predecessor-version":[{"id":2621,"href":"https:\/\/reginapacis.org\/index.php?rest_route=\/wp\/v2\/pages\/56\/revisions\/2621"}],"up":[{"embeddable":true,"href":"https:\/\/reginapacis.org\/index.php?rest_route=\/wp\/v2\/pages\/52"}],"wp:attachment":[{"href":"https:\/\/reginapacis.org\/index.php?rest_route=%2Fwp%2Fv2%2Fmedia&parent=56"}],"curies":[{"name":"wp","href":"https:\/\/api.w.org\/{rel}","templated":true}]}}