{"id":1020,"date":"2020-11-25T12:20:27","date_gmt":"2020-11-25T09:20:27","guid":{"rendered":"http:\/\/regina.loc:8888\/?page_id=1020"},"modified":"2020-11-27T14:48:11","modified_gmt":"2020-11-27T11:48:11","slug":"politica-de-confidentialitate","status":"publish","type":"page","link":"https:\/\/reginapacis.org\/?page_id=1020","title":{"rendered":"Politica de Confiden\u021bialitate"},"content":{"rendered":"<p>Informa\u021biile solicitate de c\u0103tre Funda\u021bia Regina Pacis vor fi folosite doar \u00een contextul facilit\u0103rii dona\u021biilor pentru activit\u0103\u021bile sus declarate.<\/p>\n<p>Informa\u021biile ob\u021binute de la donator, nu vor fi puse la dispozi\u021bia niciunei persoane fizice, juridice, institu\u0163ii etc. dec\u00e2t \u00een cazul \u00een care sunt solicitate justificat de c\u0103tre autorit\u0103\u021bile \u00een drept s\u0103 verifice tranzac\u021biile comerciale sau \u00een alte cazuri prev\u0103zute de lege \u0219i \u00een conformitate cu procedurile stabilite de aceste legi.<\/p>\n<p>Datele personale ale utilizatorului vor fi folosite de Funda\u021bia Regina Pacis numai \u00een scopul declarat al campaniilor sociale.<\/p>\n<p>Informa\u021biile din formularul de plat\u0103 vor fi folosite pentru a trimite donatorului confirmarea dona\u021biei.<\/p>\n<!-- AddThis Advanced Settings generic via filter on the_content --><!-- AddThis Share Buttons generic via filter on the_content -->","protected":false},"excerpt":{"rendered":"<p>Informa\u021biile solicitate de c\u0103tre Funda\u021bia Regina Pacis vor fi folosite doar \u00een contextul facilit\u0103rii dona\u021biilor pentru activit\u0103\u021bile sus declarate. Informa\u021biile ob\u021binute de la donator, nu vor fi puse la dispozi\u021bia niciunei persoane fizice, juridice, institu\u0163ii etc. dec\u00e2t \u00een cazul \u00een care sunt solicitate justificat de c\u0103tre autorit\u0103\u021bile \u00een drept s\u0103 verifice tranzac\u021biile comerciale sau \u00een [&hellip;]<!-- AddThis Advanced Settings generic via filter on get_the_excerpt --><!-- AddThis Share Buttons generic via filter on get_the_excerpt --><\/p>\n","protected":false},"author":1,"featured_media":0,"parent":0,"menu_order":0,"comment_status":"closed","ping_status":"closed","template":"pages\/only-text.php","meta":{"footnotes":""},"class_list":["post-1020","page","type-page","status-publish","hentry"],"_links":{"self":[{"href":"https:\/\/reginapacis.org\/index.php?rest_route=\/wp\/v2\/pages\/1020","targetHints":{"allow":["GET"]}}],"collection":[{"href":"https:\/\/reginapacis.org\/index.php?rest_route=\/wp\/v2\/pages"}],"about":[{"href":"https:\/\/reginapacis.org\/index.php?rest_route=\/wp\/v2\/types\/page"}],"author":[{"embeddable":true,"href":"https:\/\/reginapacis.org\/index.php?rest_route=\/wp\/v2\/users\/1"}],"replies":[{"embeddable":true,"href":"https:\/\/reginapacis.org\/index.php?rest_route=%2Fwp%2Fv2%2Fcomments&post=1020"}],"version-history":[{"count":3,"href":"https:\/\/reginapacis.org\/index.php?rest_route=\/wp\/v2\/pages\/1020\/revisions"}],"predecessor-version":[{"id":1042,"href":"https:\/\/reginapacis.org\/index.php?rest_route=\/wp\/v2\/pages\/1020\/revisions\/1042"}],"wp:attachment":[{"href":"https:\/\/reginapacis.org\/index.php?rest_route=%2Fwp%2Fv2%2Fmedia&parent=1020"}],"curies":[{"name":"wp","href":"https:\/\/api.w.org\/{rel}","templated":true}]}}