{"id":1018,"date":"2020-11-25T12:17:07","date_gmt":"2020-11-25T09:17:07","guid":{"rendered":"http:\/\/regina.loc:8888\/?page_id=1018"},"modified":"2021-02-24T15:59:53","modified_gmt":"2021-02-24T12:59:53","slug":"termeni-si-conditii","status":"publish","type":"page","link":"https:\/\/reginapacis.org\/?page_id=1018","title":{"rendered":"Termeni \u0219i condi\u0163ii"},"content":{"rendered":"<p style=\"text-align: center;\"><strong>cu privire la procesarea dona\u021biilor c\u0103tre Funda\u021bia Regina Pacis<\/strong><br \/>\n<strong>prin intermediul platformei E-commerce<\/strong><\/p>\n<p>&nbsp;<\/p>\n<h4>1. Introducere<\/h4>\n<p>Site-ul <a href=\"https:\/\/reginapacis.org\" target=\"_blank\" rel=\"noopener noreferrer\">www.reginapacis.org<\/a> numit \u00een continuare \u201eSite\u201d reprezint\u0103 pagina web oficial\u0103 a Funda\u021biei Regina Pacis, cu sediul \u00een Republica Moldova, Chi\u0219in\u0103u, str. Sfatul \u021a\u0103rii 17, bir. 32, cod fiscal 1015620000999.<\/p>\n<p>Platforma \u201cE-commerce\u201d conectat\u0103 la site-ul web <a href=\"https:\/\/reginapacis.org\" target=\"_blank\" rel=\"noopener noreferrer\">www.reginapacis.org<\/a> este destinat\u0103 colect\u0103rii de fonduri pentru activit\u0103\u021bile de binefacere \u0219i campaniile caritabile ale Funda\u021biei Regina Pacis pe teritoriul Republicii Moldova.<\/p>\n<p>Procesarea cardului \u00een scopul don\u0103rii de fonduri pentru activit\u0103\u021bile Funda\u021biei Regina Pacis prin intermediul platformei E-commerce, conectat\u0103 la site-ul <a href=\"https:\/\/reginapacis.org\" target=\"_blank\" rel=\"noopener noreferrer\">www.reginapacis.or<\/a>g implic\u0103 acceptarea prezentelor termeni \u0219i condi\u021bii.<br \/>\nAcceptarea opera\u021biunii de procesare a datelor cardului bancar, confirm\u0103 actul benevol de dona\u021bie.<\/p>\n<h4>2. Obliga\u021biuni<\/h4>\n<p>Funda\u021bia Regina Pacis se oblig\u0103 s\u0103 asigure buna func\u021bionare a platformei \u201cE-commerce\u201d pe \u00eentreaga perioad\u0103 a campaniilor de colectare a dona\u021biilor.<\/p>\n<p>Funda\u021bia Regina Pacis se oblig\u0103 s\u0103 foloseasc\u0103 fondurile ob\u021binute prin intermediul campaniilor de colectare a dona\u021biilor financiare conform scopurilor declarate. La solicitarea Donatorului, Funda\u021bia Regina Pacis se oblig\u0103 s\u0103 informeze cu privire la utilizarea fondurilor.<\/p>\n<p>Funda\u021bia Regina Pacis nu va folosi datele participan\u021bilor la campanii pentru un alt scop dec\u00e2t cel declarat.<\/p>\n<h4>3. Proprietatea Intelectual\u0103<\/h4>\n<p>\u00centregul con\u021binut al Site-ului (imagini, texte, grafice, simboluri, elemente de grafic\u0103 WEB, scripturi, programe \u0219i alte date) este proprietatea Funda\u021biei Regina Pacis \u0219i este ap\u0103rat de legea pentru protec\u021bia drepturilor de autor.<\/p>\n<h4>4. Confiden\u021bialitatea informa\u021biilor<\/h4>\n<p>Datele solicitate de c\u0103tre Funda\u021bia Regina Pacis vor fi folosite doar \u00een contextul facilit\u0103rii dona\u021biilor pentru activit\u0103\u021bile sus declarate.<\/p>\n<p>Informa\u021biile ob\u021binute de la donator nu vor fi puse la dispozi\u021bia niciunei persoane fizice, juridice, institu\u021bii etc. dec\u00e2t \u00een cazul \u00een care sunt solicitate justificat de c\u0103tre autorit\u0103\u021bile \u00een drept s\u0103 verifice tranzac\u021biile comerciale sau \u00een alte cazuri prev\u0103zute de legisla\u021bie \u0219i \u00een conformitate cu procedurile stabilite de aceste legi.<\/p>\n<p>Datele personale ale utilizatorului vor fi folosite de Funda\u021bia Regina Pacis numai \u00een scopul declarat al acestor campanii.<\/p>\n<h4>5. Dona\u021bii \u0219i pl\u0103\u021bi<\/h4>\n<p>Dona\u021biile prin carduri bancare (VISA \u0219i MASTERCARD) se fac prin serviciul de procesare dona\u021bii online.<\/p>\n<p>\u00cen cazul \u00een care valuta cardului \u0219i valuta dona\u021biei nu va coincide atunci conversia se va face conform regulilor emitentului cardului.<\/p>\n<p>Valoarea dona\u021biei selectat\u0103, este costul net care va fi pl\u0103tit de utilizator, f\u0103r\u0103 nicio tax\u0103 suplimentar\u0103.<\/p>\n<p>Banii dona\u021bi vor ajunge direct \u00een contul Funda\u021biei Regina Pacis care are un contract cu procesatorul de pl\u0103\u021bi.<\/p>\n<h4>6. Mesaje comerciale nesolicitate<\/h4>\n<p>Ne asum\u0103m obliga\u021bia c\u0103 nu vom spama (email sau orice alt\u0103 metod\u0103) pe nimeni.<\/p>\n<h4>7. Politica de returnare a dona\u021biilor<\/h4>\n<p>Dona\u021biile se pot returna donatorilor \u00een cazul \u00een care ace\u0219tia solicit\u0103 acest lucru \u00een mod expres. \u00cen acest caz, donatorii vor trimite, \u00een termen de maxim 30 de zile calendaristice din momentul ce a fost efectuat\u0103 dona\u021bia, o cerere scris\u0103 c\u0103tre Funda\u021bia Regina Pacis, \u00een care vor cere \u00een mod expres returnarea sumei donate. Donatorul va ata\u0219a la aceast\u0103 cerere dovada don\u0103rii acestei sume de bani prin intermediul platformei \u201cE-commerce\u201d conectat\u0103 la site-ul nostru web <a href=\"https:\/\/reginapacis.org\" target=\"_blank\" rel=\"noopener noreferrer\">www.reginapacis.org<\/a><\/p>\n<p>Cererea de returnare a dona\u021biilor \u0219i dovada don\u0103rii vor fi expediate prin po\u0219t\u0103 electronic\u0103 la adresa: <a href=\"mailto:chisinau@reginapacis.org\">chisinau@reginapacis.org<\/a> sau prin po\u0219t\u0103 fizic\u0103 la adresa: str. Sfatul \u021a\u0103rii 17, bir.32, mun. Chi\u0219in\u0103u, Republica Moldova, tel: <a href=\"tel:+373 22 23 55 11\">+373 22 23 55 11<\/a>.<\/p>\n<h4>8. Dispute \u0219i conflicte<\/h4>\n<p>Orice tentativ\u0103 de acces neautorizat pe platforma \u201cE-commerce\u201d conectat\u0103 la site-ul nostru web <a href=\"https:\/\/reginapacis.org\" target=\"_blank\" rel=\"noopener noreferrer\">www.reginapacis.org<\/a> \u0219i orice \u00eencercare de fraud\u0103 va fi raportat\u0103 autorit\u0103\u021bilor competente.<\/p>\n<p>Eventualele litigii, divergen\u021be sau preten\u021bii rezultate din sau \u00een leg\u0103tur\u0103 cu campaniile sociale organizate de Funda\u021bia Regina Pacis, vor fi solu\u021bionate prin negocieri amiabile. Dac\u0103 aceste negocieri nu au succes \u00een termen de 30 zile calendaristice de la data la care apare disputa, conflictele vor fi solu\u021bionate de instan\u021bele judiciare competente ale Republicii Moldova.<\/p>\n<p>Termenii \u0219i condi\u021biile generale de dona\u021bie sunt acceptate \u00een deplin\u0103 cuno\u0219tin\u021b\u0103 de c\u0103tre donator, actul de dona\u021bie implic\u00e2nd acceptarea imediat\u0103 \u0219i total\u0103 a prezentelor condi\u021bii.<\/p>\n<p>Fiind de acord cu ace\u0219ti Termeni \u0219i Condi\u021bii donatorul \u00ee\u0219i asum\u0103 \u00een totalitate aceste riscuri.<\/p>\n<p>Termenii \u0219i condi\u021biile prezente pot fi oric\u00e2nd modificate f\u0103r\u0103 preaviz.<\/p>\n<h4>9. Durata<\/h4>\n<p>Durata prezentului document este nedeterminat\u0103. Termenii \u0219i condi\u021biile intr\u0103 \u00een vigoare \u00een momentul public\u0103rii.<\/p>\n<!-- AddThis Advanced Settings generic via filter on the_content --><!-- AddThis Share Buttons generic via filter on the_content -->","protected":false},"excerpt":{"rendered":"<p>cu privire la procesarea dona\u021biilor c\u0103tre Funda\u021bia Regina Pacis prin intermediul platformei E-commerce &nbsp; 1. Introducere Site-ul www.reginapacis.org numit \u00een continuare \u201eSite\u201d reprezint\u0103 pagina web oficial\u0103 a Funda\u021biei Regina Pacis, cu sediul \u00een Republica Moldova, Chi\u0219in\u0103u, str. Sfatul \u021a\u0103rii 17, bir. 32, cod fiscal 1015620000999. Platforma \u201cE-commerce\u201d conectat\u0103 la site-ul web www.reginapacis.org este destinat\u0103 colect\u0103rii [&hellip;]<!-- AddThis Advanced Settings generic via filter on get_the_excerpt --><!-- AddThis Share Buttons generic via filter on get_the_excerpt --><\/p>\n","protected":false},"author":1,"featured_media":0,"parent":0,"menu_order":0,"comment_status":"closed","ping_status":"closed","template":"pages\/only-text.php","meta":{"footnotes":""},"class_list":["post-1018","page","type-page","status-publish","hentry"],"_links":{"self":[{"href":"https:\/\/reginapacis.org\/index.php?rest_route=\/wp\/v2\/pages\/1018","targetHints":{"allow":["GET"]}}],"collection":[{"href":"https:\/\/reginapacis.org\/index.php?rest_route=\/wp\/v2\/pages"}],"about":[{"href":"https:\/\/reginapacis.org\/index.php?rest_route=\/wp\/v2\/types\/page"}],"author":[{"embeddable":true,"href":"https:\/\/reginapacis.org\/index.php?rest_route=\/wp\/v2\/users\/1"}],"replies":[{"embeddable":true,"href":"https:\/\/reginapacis.org\/index.php?rest_route=%2Fwp%2Fv2%2Fcomments&post=1018"}],"version-history":[{"count":14,"href":"https:\/\/reginapacis.org\/index.php?rest_route=\/wp\/v2\/pages\/1018\/revisions"}],"predecessor-version":[{"id":1466,"href":"https:\/\/reginapacis.org\/index.php?rest_route=\/wp\/v2\/pages\/1018\/revisions\/1466"}],"wp:attachment":[{"href":"https:\/\/reginapacis.org\/index.php?rest_route=%2Fwp%2Fv2%2Fmedia&parent=1018"}],"curies":[{"name":"wp","href":"https:\/\/api.w.org\/{rel}","templated":true}]}}